{"id":634,"date":"2025-11-12T16:24:12","date_gmt":"2025-11-12T15:24:12","guid":{"rendered":"https:\/\/ropearquitectura.com\/4rch1t3c\/?page_id=634"},"modified":"2025-12-18T15:14:08","modified_gmt":"2025-12-18T19:14:08","slug":"redesign","status":"publish","type":"page","link":"https:\/\/ropearquitectura.com\/4rch1t3c\/redesign\/","title":{"rendered":"ReDesign+"},"content":{"rendered":"\t\t<div data-elementor-type=\"wp-page\" data-elementor-id=\"634\" class=\"elementor elementor-634\">\n\t\t\t\t<div class=\"e-con-top elementor-element elementor-element-20231ba e-flex e-con-boxed e-con e-parent\" data-id=\"20231ba\" data-element_type=\"container\">\n\t\t\t\t\t<div class=\"e-con-inner\">\n\t\t<div class=\"elementor-element elementor-element-69d34ec2 e-con-full e-flex e-con e-child\" data-id=\"69d34ec2\" data-element_type=\"container\">\n\t\t\t\t<div class=\"elementor-element elementor-element-6b2fd0e elementor-widget elementor-widget-image\" data-id=\"6b2fd0e\" data-element_type=\"widget\" data-widget_type=\"image.default\">\n\t\t\t\t\t\t\t\t\t\t\t\t\t\t\t<img fetchpriority=\"high\" decoding=\"async\" width=\"252\" height=\"254\" src=\"https:\/\/ropearquitectura.com\/4rch1t3c\/wp-content\/uploads\/2025\/11\/ReDesign-IC.png\" class=\"attachment-medium size-medium wp-image-702\" alt=\"\" srcset=\"https:\/\/ropearquitectura.com\/4rch1t3c\/wp-content\/uploads\/2025\/11\/ReDesign-IC.png 252w, https:\/\/ropearquitectura.com\/4rch1t3c\/wp-content\/uploads\/2025\/11\/ReDesign-IC-150x150.png 150w, https:\/\/ropearquitectura.com\/4rch1t3c\/wp-content\/uploads\/2025\/11\/ReDesign-IC-100x100.png 100w\" sizes=\"(max-width: 252px) 100vw, 252px\" \/>\t\t\t\t\t\t\t\t\t\t\t\t\t\t\t<\/div>\n\t\t\t\t<\/div>\n\t\t<div class=\"elementor-element elementor-element-4a79a59b e-con-full e-flex e-con e-child\" data-id=\"4a79a59b\" data-element_type=\"container\">\n\t\t\t\t<div class=\"elementor-element elementor-element-67c1ae08 elementor-widget elementor-widget-heading\" data-id=\"67c1ae08\" data-element_type=\"widget\" data-widget_type=\"heading.default\">\n\t\t\t\t\t<h2 class=\"elementor-heading-title elementor-size-default\">ReDesign+<\/h2>\t\t\t\t<\/div>\n\t\t\t\t<div class=\"elementor-element elementor-element-27ddbf76 elementor-widget elementor-widget-heading\" data-id=\"27ddbf76\" data-element_type=\"widget\" data-widget_type=\"heading.default\">\n\t\t\t\t\t<h2 class=\"elementor-heading-title elementor-size-default\">De la idea a la realidad, sin preocupaciones.<\/h2>\t\t\t\t<\/div>\n\t\t\t\t<div class=\"elementor-element elementor-element-4072592a elementor-widget elementor-widget-text-editor\" data-id=\"4072592a\" data-element_type=\"widget\" data-widget_type=\"text-editor.default\">\n\t\t\t\t\t\t\t\t\t<p><em>Nos encargamos de todo: dise\u00f1o, coordinaci\u00f3n, proveedores y supervisi\u00f3n.<\/em><br \/><em>Desde la selecci\u00f3n de materiales hasta los \u00faltimos detalles decorativos, gestionamos el proceso<\/em><br \/><em>para que disfrutes viendo tu hogar transformarse.<\/em><\/p>\t\t\t\t\t\t\t\t<\/div>\n\t\t\t\t<\/div>\n\t\t\t\t\t<\/div>\n\t\t\t\t<\/div>\n\t\t<div class=\"e-con-top elementor-element elementor-element-63493237 e-con-full e-flex e-con e-parent\" data-id=\"63493237\" data-element_type=\"container\">\n\t\t<div class=\"elementor-element elementor-element-6ce614d9 e-con-full e-flex e-con e-child\" data-id=\"6ce614d9\" data-element_type=\"container\">\n\t\t\t\t<div class=\"elementor-element elementor-element-93028bc elementor-widget elementor-widget-heading\" data-id=\"93028bc\" data-element_type=\"widget\" data-widget_type=\"heading.default\">\n\t\t\t\t\t<h2 class=\"elementor-heading-title elementor-size-default\">INCLUYE:<\/h2>\t\t\t\t<\/div>\n\t\t\t\t<div class=\"elementor-element elementor-element-9346f4d elementor-widget elementor-widget-text-editor\" data-id=\"9346f4d\" data-element_type=\"widget\" data-widget_type=\"text-editor.default\">\n\t\t\t\t\t\t\t\t\t<ul><li>Dise\u00f1o completo del espacio.<\/li><li>Coordinaci\u00f3n de obra y proveedores.<\/li><li>Supervisi\u00f3n y control de calidad.<\/li><li>Entrega final llave en mano.<\/li><\/ul>\t\t\t\t\t\t\t\t<\/div>\n\t\t\t\t<div class=\"elementor-element elementor-element-689e86e5 elementor-widget elementor-widget-text-editor\" data-id=\"689e86e5\" data-element_type=\"widget\" data-widget_type=\"text-editor.default\">\n\t\t\t\t\t\t\t\t\t<p><strong>Tiempo de Entrega:<\/strong>&nbsp;<\/p><p>4 semanas para dise\u00f1o + ejecuci\u00f3n seg\u00fan magnitud del proyecto.<\/p>\t\t\t\t\t\t\t\t<\/div>\n\t\t\t\t<div class=\"elementor-element elementor-element-cec959 elementor-button-primary elementor-align-center elementor-widget elementor-widget-button\" data-id=\"cec959\" data-element_type=\"widget\" data-widget_type=\"button.default\">\n\t\t\t\t\t\t\t\t\t\t<a class=\"elementor-button elementor-button-link elementor-size-sm\" href=\"https:\/\/ropearquitectura.com\/4rch1t3c\/servicio-redesign\/\">\n\t\t\t\t\t\t<span class=\"elementor-button-content-wrapper\">\n\t\t\t\t\t\t\t\t\t<span class=\"elementor-button-text\">Solicitar mi ReDesign+<\/span>\n\t\t\t\t\t<\/span>\n\t\t\t\t\t<\/a>\n\t\t\t\t\t\t\t\t<\/div>\n\t\t\t\t<\/div>\n\t\t<div class=\"elementor-element elementor-element-7a325f4 e-con-full e-flex e-con e-child\" data-id=\"7a325f4\" data-element_type=\"container\">\n\t\t\t\t<div class=\"elementor-element elementor-element-53d071a elementor-widget elementor-widget-image\" data-id=\"53d071a\" data-element_type=\"widget\" data-widget_type=\"image.default\">\n\t\t\t\t\t\t\t\t\t\t\t\t\t\t\t<img decoding=\"async\" src=\"https:\/\/ropearquitectura.com\/4rch1t3c\/wp-content\/uploads\/elementor\/thumbs\/ReDesign-01-W-scaled-rexwgbmwsdb1bil8mkteqtkp59w4r0iei7g6me75gw.png\" title=\"ReDesign-01-W\" alt=\"ReDesign-01-W\" loading=\"lazy\" \/>\t\t\t\t\t\t\t\t\t\t\t\t\t\t\t<\/div>\n\t\t\t\t<\/div>\n\t\t\t\t<\/div>\n\t\t<div class=\"e-con-top elementor-element elementor-element-8fd3fd9 e-flex e-con-boxed e-con e-parent\" data-id=\"8fd3fd9\" data-element_type=\"container\">\n\t\t\t\t\t<div class=\"e-con-inner\">\n\t\t\t\t<div class=\"elementor-element elementor-element-2debc71 elementor-widget elementor-widget-shortcode\" data-id=\"2debc71\" data-element_type=\"widget\" data-widget_type=\"shortcode.default\">\n\t\t\t\t\t\t\t<div class=\"elementor-shortcode\"><div id='gallery-1' class='gallery galleryid-634 gallery-columns-3 gallery-size-thumbnail'><figure class='gallery-item'>\n\t\t\t<div class='gallery-icon landscape'>\n\t\t\t\t<a href='https:\/\/ropearquitectura.com\/4rch1t3c\/redesign\/redesign-12-w\/'><img decoding=\"async\" width=\"150\" height=\"150\" src=\"https:\/\/ropearquitectura.com\/4rch1t3c\/wp-content\/uploads\/2025\/11\/ReDesign-12-W-150x150.jpg\" class=\"attachment-thumbnail size-thumbnail\" alt=\"\" srcset=\"https:\/\/ropearquitectura.com\/4rch1t3c\/wp-content\/uploads\/2025\/11\/ReDesign-12-W-150x150.jpg 150w, https:\/\/ropearquitectura.com\/4rch1t3c\/wp-content\/uploads\/2025\/11\/ReDesign-12-W-600x600.jpg 600w, https:\/\/ropearquitectura.com\/4rch1t3c\/wp-content\/uploads\/2025\/11\/ReDesign-12-W-100x100.jpg 100w\" sizes=\"(max-width: 150px) 100vw, 150px\" \/><\/a>\n\t\t\t<\/div><\/figure><figure class='gallery-item'>\n\t\t\t<div class='gallery-icon landscape'>\n\t\t\t\t<a href='https:\/\/ropearquitectura.com\/4rch1t3c\/redesign\/redesign-11-w\/'><img decoding=\"async\" width=\"150\" height=\"150\" src=\"https:\/\/ropearquitectura.com\/4rch1t3c\/wp-content\/uploads\/2025\/11\/ReDesign-11-W-150x150.jpg\" class=\"attachment-thumbnail size-thumbnail\" alt=\"\" srcset=\"https:\/\/ropearquitectura.com\/4rch1t3c\/wp-content\/uploads\/2025\/11\/ReDesign-11-W-150x150.jpg 150w, https:\/\/ropearquitectura.com\/4rch1t3c\/wp-content\/uploads\/2025\/11\/ReDesign-11-W-600x600.jpg 600w, https:\/\/ropearquitectura.com\/4rch1t3c\/wp-content\/uploads\/2025\/11\/ReDesign-11-W-100x100.jpg 100w\" sizes=\"(max-width: 150px) 100vw, 150px\" \/><\/a>\n\t\t\t<\/div><\/figure><figure class='gallery-item'>\n\t\t\t<div class='gallery-icon landscape'>\n\t\t\t\t<a href='https:\/\/ropearquitectura.com\/4rch1t3c\/redesign\/redesign-10-w\/'><img loading=\"lazy\" decoding=\"async\" width=\"150\" height=\"150\" src=\"https:\/\/ropearquitectura.com\/4rch1t3c\/wp-content\/uploads\/2025\/11\/ReDesign-10-W-150x150.jpg\" class=\"attachment-thumbnail size-thumbnail\" alt=\"\" srcset=\"https:\/\/ropearquitectura.com\/4rch1t3c\/wp-content\/uploads\/2025\/11\/ReDesign-10-W-150x150.jpg 150w, https:\/\/ropearquitectura.com\/4rch1t3c\/wp-content\/uploads\/2025\/11\/ReDesign-10-W-600x600.jpg 600w, https:\/\/ropearquitectura.com\/4rch1t3c\/wp-content\/uploads\/2025\/11\/ReDesign-10-W-100x100.jpg 100w\" sizes=\"(max-width: 150px) 100vw, 150px\" \/><\/a>\n\t\t\t<\/div><\/figure><figure class='gallery-item'>\n\t\t\t<div class='gallery-icon landscape'>\n\t\t\t\t<a href='https:\/\/ropearquitectura.com\/4rch1t3c\/redesign\/redesign-09-w\/'><img loading=\"lazy\" decoding=\"async\" width=\"150\" height=\"150\" src=\"https:\/\/ropearquitectura.com\/4rch1t3c\/wp-content\/uploads\/2025\/11\/ReDesign-09-W-150x150.jpg\" class=\"attachment-thumbnail size-thumbnail\" alt=\"\" srcset=\"https:\/\/ropearquitectura.com\/4rch1t3c\/wp-content\/uploads\/2025\/11\/ReDesign-09-W-150x150.jpg 150w, https:\/\/ropearquitectura.com\/4rch1t3c\/wp-content\/uploads\/2025\/11\/ReDesign-09-W-600x600.jpg 600w, https:\/\/ropearquitectura.com\/4rch1t3c\/wp-content\/uploads\/2025\/11\/ReDesign-09-W-100x100.jpg 100w\" sizes=\"(max-width: 150px) 100vw, 150px\" \/><\/a>\n\t\t\t<\/div><\/figure><figure class='gallery-item'>\n\t\t\t<div class='gallery-icon portrait'>\n\t\t\t\t<a href='https:\/\/ropearquitectura.com\/4rch1t3c\/redesign\/redesign-08-w\/'><img loading=\"lazy\" decoding=\"async\" width=\"150\" height=\"150\" src=\"https:\/\/ropearquitectura.com\/4rch1t3c\/wp-content\/uploads\/2025\/11\/ReDesign-08-W-150x150.png\" class=\"attachment-thumbnail size-thumbnail\" alt=\"\" srcset=\"https:\/\/ropearquitectura.com\/4rch1t3c\/wp-content\/uploads\/2025\/11\/ReDesign-08-W-150x150.png 150w, https:\/\/ropearquitectura.com\/4rch1t3c\/wp-content\/uploads\/2025\/11\/ReDesign-08-W-600x600.png 600w, https:\/\/ropearquitectura.com\/4rch1t3c\/wp-content\/uploads\/2025\/11\/ReDesign-08-W-100x100.png 100w\" sizes=\"(max-width: 150px) 100vw, 150px\" \/><\/a>\n\t\t\t<\/div><\/figure><figure class='gallery-item'>\n\t\t\t<div class='gallery-icon portrait'>\n\t\t\t\t<a href='https:\/\/ropearquitectura.com\/4rch1t3c\/redesign\/redesign-07-w\/'><img loading=\"lazy\" decoding=\"async\" width=\"150\" height=\"150\" src=\"https:\/\/ropearquitectura.com\/4rch1t3c\/wp-content\/uploads\/2025\/11\/ReDesign-07-W-150x150.png\" class=\"attachment-thumbnail size-thumbnail\" alt=\"\" srcset=\"https:\/\/ropearquitectura.com\/4rch1t3c\/wp-content\/uploads\/2025\/11\/ReDesign-07-W-150x150.png 150w, https:\/\/ropearquitectura.com\/4rch1t3c\/wp-content\/uploads\/2025\/11\/ReDesign-07-W-600x600.png 600w, https:\/\/ropearquitectura.com\/4rch1t3c\/wp-content\/uploads\/2025\/11\/ReDesign-07-W-100x100.png 100w\" sizes=\"(max-width: 150px) 100vw, 150px\" \/><\/a>\n\t\t\t<\/div><\/figure><figure class='gallery-item'>\n\t\t\t<div class='gallery-icon portrait'>\n\t\t\t\t<a href='https:\/\/ropearquitectura.com\/4rch1t3c\/redesign\/redesign-06-w\/'><img loading=\"lazy\" decoding=\"async\" width=\"150\" height=\"150\" src=\"https:\/\/ropearquitectura.com\/4rch1t3c\/wp-content\/uploads\/2025\/11\/ReDesign-06-W-150x150.png\" class=\"attachment-thumbnail size-thumbnail\" alt=\"\" srcset=\"https:\/\/ropearquitectura.com\/4rch1t3c\/wp-content\/uploads\/2025\/11\/ReDesign-06-W-150x150.png 150w, https:\/\/ropearquitectura.com\/4rch1t3c\/wp-content\/uploads\/2025\/11\/ReDesign-06-W-600x600.png 600w, https:\/\/ropearquitectura.com\/4rch1t3c\/wp-content\/uploads\/2025\/11\/ReDesign-06-W-100x100.png 100w\" sizes=\"(max-width: 150px) 100vw, 150px\" \/><\/a>\n\t\t\t<\/div><\/figure><figure class='gallery-item'>\n\t\t\t<div class='gallery-icon portrait'>\n\t\t\t\t<a href='https:\/\/ropearquitectura.com\/4rch1t3c\/redesign\/redesign-05-w\/'><img loading=\"lazy\" decoding=\"async\" width=\"150\" height=\"150\" src=\"https:\/\/ropearquitectura.com\/4rch1t3c\/wp-content\/uploads\/2025\/11\/ReDesign-05-W-150x150.png\" class=\"attachment-thumbnail size-thumbnail\" alt=\"\" srcset=\"https:\/\/ropearquitectura.com\/4rch1t3c\/wp-content\/uploads\/2025\/11\/ReDesign-05-W-150x150.png 150w, https:\/\/ropearquitectura.com\/4rch1t3c\/wp-content\/uploads\/2025\/11\/ReDesign-05-W-600x600.png 600w, https:\/\/ropearquitectura.com\/4rch1t3c\/wp-content\/uploads\/2025\/11\/ReDesign-05-W-100x100.png 100w\" sizes=\"(max-width: 150px) 100vw, 150px\" \/><\/a>\n\t\t\t<\/div><\/figure><figure class='gallery-item'>\n\t\t\t<div class='gallery-icon portrait'>\n\t\t\t\t<a href='https:\/\/ropearquitectura.com\/4rch1t3c\/redesign\/redesign-04-w\/'><img loading=\"lazy\" decoding=\"async\" width=\"150\" height=\"150\" src=\"https:\/\/ropearquitectura.com\/4rch1t3c\/wp-content\/uploads\/2025\/11\/ReDesign-04-W-150x150.png\" class=\"attachment-thumbnail size-thumbnail\" alt=\"\" srcset=\"https:\/\/ropearquitectura.com\/4rch1t3c\/wp-content\/uploads\/2025\/11\/ReDesign-04-W-150x150.png 150w, https:\/\/ropearquitectura.com\/4rch1t3c\/wp-content\/uploads\/2025\/11\/ReDesign-04-W-600x600.png 600w, https:\/\/ropearquitectura.com\/4rch1t3c\/wp-content\/uploads\/2025\/11\/ReDesign-04-W-100x100.png 100w\" sizes=\"(max-width: 150px) 100vw, 150px\" \/><\/a>\n\t\t\t<\/div><\/figure><figure class='gallery-item'>\n\t\t\t<div class='gallery-icon portrait'>\n\t\t\t\t<a href='https:\/\/ropearquitectura.com\/4rch1t3c\/redesign\/redesign-03-w\/'><img loading=\"lazy\" decoding=\"async\" width=\"150\" height=\"150\" src=\"https:\/\/ropearquitectura.com\/4rch1t3c\/wp-content\/uploads\/2025\/11\/ReDesign-03-W-150x150.png\" class=\"attachment-thumbnail size-thumbnail\" alt=\"\" srcset=\"https:\/\/ropearquitectura.com\/4rch1t3c\/wp-content\/uploads\/2025\/11\/ReDesign-03-W-150x150.png 150w, https:\/\/ropearquitectura.com\/4rch1t3c\/wp-content\/uploads\/2025\/11\/ReDesign-03-W-600x600.png 600w, https:\/\/ropearquitectura.com\/4rch1t3c\/wp-content\/uploads\/2025\/11\/ReDesign-03-W-100x100.png 100w\" sizes=\"(max-width: 150px) 100vw, 150px\" \/><\/a>\n\t\t\t<\/div><\/figure><figure class='gallery-item'>\n\t\t\t<div class='gallery-icon portrait'>\n\t\t\t\t<a href='https:\/\/ropearquitectura.com\/4rch1t3c\/redesign\/redesign-02-w\/'><img loading=\"lazy\" decoding=\"async\" width=\"150\" height=\"150\" src=\"https:\/\/ropearquitectura.com\/4rch1t3c\/wp-content\/uploads\/2025\/11\/ReDesign-02-W-150x150.png\" class=\"attachment-thumbnail size-thumbnail\" alt=\"\" srcset=\"https:\/\/ropearquitectura.com\/4rch1t3c\/wp-content\/uploads\/2025\/11\/ReDesign-02-W-150x150.png 150w, https:\/\/ropearquitectura.com\/4rch1t3c\/wp-content\/uploads\/2025\/11\/ReDesign-02-W-600x600.png 600w, https:\/\/ropearquitectura.com\/4rch1t3c\/wp-content\/uploads\/2025\/11\/ReDesign-02-W-100x100.png 100w\" sizes=\"(max-width: 150px) 100vw, 150px\" \/><\/a>\n\t\t\t<\/div><\/figure><figure class='gallery-item'>\n\t\t\t<div class='gallery-icon portrait'>\n\t\t\t\t<a href='https:\/\/ropearquitectura.com\/4rch1t3c\/redesign\/redesign-01-w\/'><img loading=\"lazy\" decoding=\"async\" width=\"150\" height=\"150\" src=\"https:\/\/ropearquitectura.com\/4rch1t3c\/wp-content\/uploads\/2025\/11\/ReDesign-01-W-150x150.png\" class=\"attachment-thumbnail size-thumbnail\" alt=\"\" srcset=\"https:\/\/ropearquitectura.com\/4rch1t3c\/wp-content\/uploads\/2025\/11\/ReDesign-01-W-150x150.png 150w, https:\/\/ropearquitectura.com\/4rch1t3c\/wp-content\/uploads\/2025\/11\/elementor\/thumbs\/ReDesign-01-W-scaled-rexwgbmwsdb1bil8mkteqtkp59w4r0iei7g6me75gw.png 600w, https:\/\/ropearquitectura.com\/4rch1t3c\/wp-content\/uploads\/2025\/11\/ReDesign-01-W-100x100.png 100w\" sizes=\"(max-width: 150px) 100vw, 150px\" \/><\/a>\n\t\t\t<\/div><\/figure>\n\t\t<\/div>\n<\/div>\n\t\t\t\t\t\t<\/div>\n\t\t\t\t\t<\/div>\n\t\t\t\t<\/div>\n\t\t\t\t<\/div>\n\t\t","protected":false},"excerpt":{"rendered":"<p>ReDesign+ De la idea a la realidad, sin preocupaciones. Nos encargamos de todo: dise\u00f1o, coordinaci\u00f3n, proveedores y supervisi\u00f3n.Desde la selecci\u00f3n de materiales hasta los \u00faltimos detalles decorativos, gestionamos el procesopara que disfrutes viendo tu hogar transformarse. INCLUYE: Dise\u00f1o completo del espacio. Coordinaci\u00f3n de obra y proveedores. Supervisi\u00f3n y control de calidad. Entrega final llave en [&hellip;]<\/p>\n","protected":false},"author":1,"featured_media":0,"parent":0,"menu_order":0,"comment_status":"closed","ping_status":"closed","template":"","meta":{"_acf_changed":false,"footnotes":""},"class_list":["post-634","page","type-page","status-publish","hentry"],"acf":[],"_links":{"self":[{"href":"https:\/\/ropearquitectura.com\/4rch1t3c\/wp-json\/wp\/v2\/pages\/634","targetHints":{"allow":["GET"]}}],"collection":[{"href":"https:\/\/ropearquitectura.com\/4rch1t3c\/wp-json\/wp\/v2\/pages"}],"about":[{"href":"https:\/\/ropearquitectura.com\/4rch1t3c\/wp-json\/wp\/v2\/types\/page"}],"author":[{"embeddable":true,"href":"https:\/\/ropearquitectura.com\/4rch1t3c\/wp-json\/wp\/v2\/users\/1"}],"replies":[{"embeddable":true,"href":"https:\/\/ropearquitectura.com\/4rch1t3c\/wp-json\/wp\/v2\/comments?post=634"}],"version-history":[{"count":35,"href":"https:\/\/ropearquitectura.com\/4rch1t3c\/wp-json\/wp\/v2\/pages\/634\/revisions"}],"predecessor-version":[{"id":2049,"href":"https:\/\/ropearquitectura.com\/4rch1t3c\/wp-json\/wp\/v2\/pages\/634\/revisions\/2049"}],"wp:attachment":[{"href":"https:\/\/ropearquitectura.com\/4rch1t3c\/wp-json\/wp\/v2\/media?parent=634"}],"curies":[{"name":"wp","href":"https:\/\/api.w.org\/{rel}","templated":true}]}}