{"id":610,"date":"2025-11-12T15:53:37","date_gmt":"2025-11-12T14:53:37","guid":{"rendered":"https:\/\/ropearquitectura.com\/4rch1t3c\/?page_id=610"},"modified":"2025-12-18T15:18:05","modified_gmt":"2025-12-18T19:18:05","slug":"reset","status":"publish","type":"page","link":"https:\/\/ropearquitectura.com\/4rch1t3c\/reset\/","title":{"rendered":"ReSet"},"content":{"rendered":"\t\t<div data-elementor-type=\"wp-page\" data-elementor-id=\"610\" class=\"elementor elementor-610\">\n\t\t\t\t<div class=\"e-con-top elementor-element elementor-element-5fff91d3 e-flex e-con-boxed e-con e-parent\" data-id=\"5fff91d3\" data-element_type=\"container\">\n\t\t\t\t\t<div class=\"e-con-inner\">\n\t\t<div class=\"elementor-element elementor-element-54df5d35 e-con-full e-flex e-con e-child\" data-id=\"54df5d35\" data-element_type=\"container\">\n\t\t\t\t<div class=\"elementor-element elementor-element-5856996 elementor-widget elementor-widget-image\" data-id=\"5856996\" data-element_type=\"widget\" data-widget_type=\"image.default\">\n\t\t\t\t\t\t\t\t\t\t\t\t\t\t\t<img fetchpriority=\"high\" decoding=\"async\" width=\"300\" height=\"300\" src=\"https:\/\/ropearquitectura.com\/4rch1t3c\/wp-content\/uploads\/2025\/11\/ReSet-IC.png\" class=\"attachment-medium size-medium wp-image-698\" alt=\"\" srcset=\"https:\/\/ropearquitectura.com\/4rch1t3c\/wp-content\/uploads\/2025\/11\/ReSet-IC.png 300w, https:\/\/ropearquitectura.com\/4rch1t3c\/wp-content\/uploads\/2025\/11\/ReSet-IC-150x150.png 150w, https:\/\/ropearquitectura.com\/4rch1t3c\/wp-content\/uploads\/2025\/11\/ReSet-IC-100x100.png 100w\" sizes=\"(max-width: 300px) 100vw, 300px\" \/>\t\t\t\t\t\t\t\t\t\t\t\t\t\t\t<\/div>\n\t\t\t\t<\/div>\n\t\t<div class=\"elementor-element elementor-element-5dfcac1 e-con-full e-flex e-con e-child\" data-id=\"5dfcac1\" data-element_type=\"container\">\n\t\t\t\t<div class=\"elementor-element elementor-element-1c362d71 elementor-widget elementor-widget-heading\" data-id=\"1c362d71\" data-element_type=\"widget\" data-widget_type=\"heading.default\">\n\t\t\t\t\t<h2 class=\"elementor-heading-title elementor-size-default\">ReSet<\/h2>\t\t\t\t<\/div>\n\t\t\t\t<div class=\"elementor-element elementor-element-11dfe372 elementor-widget elementor-widget-heading\" data-id=\"11dfe372\" data-element_type=\"widget\" data-widget_type=\"heading.default\">\n\t\t\t\t\t<h2 class=\"elementor-heading-title elementor-size-default\">Dise\u00f1o completo, listo para ejecutar.<\/h2>\t\t\t\t<\/div>\n\t\t\t\t<div class=\"elementor-element elementor-element-4c73529f elementor-widget elementor-widget-text-editor\" data-id=\"4c73529f\" data-element_type=\"widget\" data-widget_type=\"text-editor.default\">\n\t\t\t\t\t\t\t\t\t<p><em>Perfecto para quienes desean transformar uno o varios espacios y coordinar la ejecuci\u00f3n por su cuenta.<\/em><br \/><em>Nos encargamos de todo el dise\u00f1o: planos, mobiliario a medida, materiales y visualizaci\u00f3n<\/em><br \/><em>completa del resultado.<\/em><\/p>\t\t\t\t\t\t\t\t<\/div>\n\t\t\t\t<\/div>\n\t\t\t\t\t<\/div>\n\t\t\t\t<\/div>\n\t\t<div class=\"e-con-top elementor-element elementor-element-52aaa0d8 e-con-full e-flex e-con e-parent\" data-id=\"52aaa0d8\" data-element_type=\"container\">\n\t\t<div class=\"elementor-element elementor-element-29ac6562 e-con-full e-flex e-con e-child\" data-id=\"29ac6562\" data-element_type=\"container\">\n\t\t\t\t<div class=\"elementor-element elementor-element-7284fdab elementor-widget elementor-widget-heading\" data-id=\"7284fdab\" data-element_type=\"widget\" data-widget_type=\"heading.default\">\n\t\t\t\t\t<h2 class=\"elementor-heading-title elementor-size-default\">INCLUYE:<\/h2>\t\t\t\t<\/div>\n\t\t\t\t<div class=\"elementor-element elementor-element-19075db5 elementor-widget elementor-widget-text-editor\" data-id=\"19075db5\" data-element_type=\"widget\" data-widget_type=\"text-editor.default\">\n\t\t\t\t\t\t\t\t\t<ul><li>Dise\u00f1o integral por espacio.<\/li><li>Planos t\u00e9cnicos y mobiliario a medida.<\/li><li>Moodboard + visualizaci\u00f3n del espacio.<\/li><li>Lista de materiales y gu\u00eda para ejecuci\u00f3n.<\/li><\/ul>\t\t\t\t\t\t\t\t<\/div>\n\t\t\t\t<div class=\"elementor-element elementor-element-336909a4 elementor-widget elementor-widget-text-editor\" data-id=\"336909a4\" data-element_type=\"widget\" data-widget_type=\"text-editor.default\">\n\t\t\t\t\t\t\t\t\t<p><strong>Tiempo de Entrega:<\/strong>\u00a04 semanas.<\/p><p><strong>Modalidad:<\/strong>\u00a0Presencial o Mixta<\/p>\t\t\t\t\t\t\t\t<\/div>\n\t\t\t\t<div class=\"elementor-element elementor-element-6d6af24d elementor-button-primary elementor-align-center elementor-widget elementor-widget-button\" data-id=\"6d6af24d\" data-element_type=\"widget\" data-widget_type=\"button.default\">\n\t\t\t\t\t\t\t\t\t\t<a class=\"elementor-button elementor-button-link elementor-size-sm\" href=\"https:\/\/ropearquitectura.com\/4rch1t3c\/servicio-reset\/\">\n\t\t\t\t\t\t<span class=\"elementor-button-content-wrapper\">\n\t\t\t\t\t\t\t\t\t<span class=\"elementor-button-text\">Solicitar mi ReSet<\/span>\n\t\t\t\t\t<\/span>\n\t\t\t\t\t<\/a>\n\t\t\t\t\t\t\t\t<\/div>\n\t\t\t\t<\/div>\n\t\t<div class=\"elementor-element elementor-element-4793cde6 e-con-full e-flex e-con e-child\" data-id=\"4793cde6\" data-element_type=\"container\">\n\t\t\t\t<div class=\"elementor-element elementor-element-b4e82ed elementor-widget elementor-widget-image\" data-id=\"b4e82ed\" data-element_type=\"widget\" data-widget_type=\"image.default\">\n\t\t\t\t\t\t\t\t\t\t\t\t\t\t\t<img decoding=\"async\" src=\"https:\/\/ropearquitectura.com\/4rch1t3c\/wp-content\/uploads\/elementor\/thumbs\/ReSet-03-W-scaled-rexw17ecvam0lajrwjkf54wt76ely9htfdq1r6m3jk.png\" title=\"ReSet-03-W\" alt=\"ReSet-03-W\" loading=\"lazy\" \/>\t\t\t\t\t\t\t\t\t\t\t\t\t\t\t<\/div>\n\t\t\t\t<\/div>\n\t\t\t\t<\/div>\n\t\t<div class=\"e-con-top elementor-element elementor-element-312281b e-flex e-con-boxed e-con e-parent\" data-id=\"312281b\" data-element_type=\"container\">\n\t\t\t\t\t<div class=\"e-con-inner\">\n\t\t\t\t<div class=\"elementor-element elementor-element-3f31f14 elementor-widget elementor-widget-shortcode\" data-id=\"3f31f14\" data-element_type=\"widget\" data-widget_type=\"shortcode.default\">\n\t\t\t\t\t\t\t<div class=\"elementor-shortcode\"><div id='gallery-1' class='gallery galleryid-610 gallery-columns-3 gallery-size-thumbnail'><figure class='gallery-item'>\n\t\t\t<div class='gallery-icon landscape'>\n\t\t\t\t<a href='https:\/\/ropearquitectura.com\/4rch1t3c\/reset\/reset-06-w\/'><img decoding=\"async\" width=\"150\" height=\"150\" src=\"https:\/\/ropearquitectura.com\/4rch1t3c\/wp-content\/uploads\/2025\/11\/ReSet-06-W-150x150.jpg\" class=\"attachment-thumbnail size-thumbnail\" alt=\"\" srcset=\"https:\/\/ropearquitectura.com\/4rch1t3c\/wp-content\/uploads\/2025\/11\/ReSet-06-W-150x150.jpg 150w, https:\/\/ropearquitectura.com\/4rch1t3c\/wp-content\/uploads\/2025\/11\/ReSet-06-W-600x600.jpg 600w, https:\/\/ropearquitectura.com\/4rch1t3c\/wp-content\/uploads\/2025\/11\/ReSet-06-W-100x100.jpg 100w\" sizes=\"(max-width: 150px) 100vw, 150px\" \/><\/a>\n\t\t\t<\/div><\/figure><figure class='gallery-item'>\n\t\t\t<div class='gallery-icon landscape'>\n\t\t\t\t<a href='https:\/\/ropearquitectura.com\/4rch1t3c\/reset\/reset-05-w\/'><img decoding=\"async\" width=\"150\" height=\"150\" src=\"https:\/\/ropearquitectura.com\/4rch1t3c\/wp-content\/uploads\/2025\/11\/ReSet-05-W-150x150.jpg\" class=\"attachment-thumbnail size-thumbnail\" alt=\"\" srcset=\"https:\/\/ropearquitectura.com\/4rch1t3c\/wp-content\/uploads\/2025\/11\/ReSet-05-W-150x150.jpg 150w, https:\/\/ropearquitectura.com\/4rch1t3c\/wp-content\/uploads\/2025\/11\/ReSet-05-W-600x600.jpg 600w, https:\/\/ropearquitectura.com\/4rch1t3c\/wp-content\/uploads\/2025\/11\/ReSet-05-W-100x100.jpg 100w\" sizes=\"(max-width: 150px) 100vw, 150px\" \/><\/a>\n\t\t\t<\/div><\/figure><figure class='gallery-item'>\n\t\t\t<div class='gallery-icon landscape'>\n\t\t\t\t<a href='https:\/\/ropearquitectura.com\/4rch1t3c\/reset\/reset-04-w\/'><img loading=\"lazy\" decoding=\"async\" width=\"150\" height=\"150\" src=\"https:\/\/ropearquitectura.com\/4rch1t3c\/wp-content\/uploads\/2025\/11\/ReSet-04-W-150x150.png\" class=\"attachment-thumbnail size-thumbnail\" alt=\"\" srcset=\"https:\/\/ropearquitectura.com\/4rch1t3c\/wp-content\/uploads\/2025\/11\/ReSet-04-W-150x150.png 150w, https:\/\/ropearquitectura.com\/4rch1t3c\/wp-content\/uploads\/2025\/11\/elementor\/thumbs\/ReSet-04-W-rexw1obgab96e9v75qvpe0n3w437stczhpgse5x0fk.png 600w, https:\/\/ropearquitectura.com\/4rch1t3c\/wp-content\/uploads\/2025\/11\/ReSet-04-W-100x100.png 100w\" sizes=\"(max-width: 150px) 100vw, 150px\" \/><\/a>\n\t\t\t<\/div><\/figure><figure class='gallery-item'>\n\t\t\t<div class='gallery-icon portrait'>\n\t\t\t\t<a href='https:\/\/ropearquitectura.com\/4rch1t3c\/reset\/reset-03-w\/'><img loading=\"lazy\" decoding=\"async\" width=\"150\" height=\"150\" src=\"https:\/\/ropearquitectura.com\/4rch1t3c\/wp-content\/uploads\/2025\/11\/ReSet-03-W-150x150.png\" class=\"attachment-thumbnail size-thumbnail\" alt=\"\" srcset=\"https:\/\/ropearquitectura.com\/4rch1t3c\/wp-content\/uploads\/2025\/11\/ReSet-03-W-150x150.png 150w, https:\/\/ropearquitectura.com\/4rch1t3c\/wp-content\/uploads\/2025\/11\/elementor\/thumbs\/ReSet-03-W-scaled-rexw17ecvam0lajrwjkf54wt76ely9htfdq1r6m3jk.png 600w, https:\/\/ropearquitectura.com\/4rch1t3c\/wp-content\/uploads\/2025\/11\/ReSet-03-W-100x100.png 100w\" sizes=\"(max-width: 150px) 100vw, 150px\" \/><\/a>\n\t\t\t<\/div><\/figure><figure class='gallery-item'>\n\t\t\t<div class='gallery-icon portrait'>\n\t\t\t\t<a href='https:\/\/ropearquitectura.com\/4rch1t3c\/reset\/reset-02-w\/'><img loading=\"lazy\" decoding=\"async\" width=\"150\" height=\"150\" src=\"https:\/\/ropearquitectura.com\/4rch1t3c\/wp-content\/uploads\/2025\/11\/ReSet-02-W-150x150.png\" class=\"attachment-thumbnail size-thumbnail\" alt=\"\" srcset=\"https:\/\/ropearquitectura.com\/4rch1t3c\/wp-content\/uploads\/2025\/11\/ReSet-02-W-150x150.png 150w, https:\/\/ropearquitectura.com\/4rch1t3c\/wp-content\/uploads\/2025\/11\/ReSet-02-W-600x600.png 600w, https:\/\/ropearquitectura.com\/4rch1t3c\/wp-content\/uploads\/2025\/11\/ReSet-02-W-100x100.png 100w\" sizes=\"(max-width: 150px) 100vw, 150px\" \/><\/a>\n\t\t\t<\/div><\/figure><figure class='gallery-item'>\n\t\t\t<div class='gallery-icon portrait'>\n\t\t\t\t<a href='https:\/\/ropearquitectura.com\/4rch1t3c\/reset\/reset-01-w\/'><img loading=\"lazy\" decoding=\"async\" width=\"150\" height=\"150\" src=\"https:\/\/ropearquitectura.com\/4rch1t3c\/wp-content\/uploads\/2025\/11\/ReSet-01-W-150x150.png\" class=\"attachment-thumbnail size-thumbnail\" alt=\"\" srcset=\"https:\/\/ropearquitectura.com\/4rch1t3c\/wp-content\/uploads\/2025\/11\/ReSet-01-W-150x150.png 150w, https:\/\/ropearquitectura.com\/4rch1t3c\/wp-content\/uploads\/2025\/11\/ReSet-01-W-600x600.png 600w, https:\/\/ropearquitectura.com\/4rch1t3c\/wp-content\/uploads\/2025\/11\/ReSet-01-W-100x100.png 100w\" sizes=\"(max-width: 150px) 100vw, 150px\" \/><\/a>\n\t\t\t<\/div><\/figure>\n\t\t<\/div>\n\n<\/div>\n\t\t\t\t\t\t<\/div>\n\t\t\t\t\t<\/div>\n\t\t\t\t<\/div>\n\t\t\t\t<\/div>\n\t\t","protected":false},"excerpt":{"rendered":"<p>ReSet Dise\u00f1o completo, listo para ejecutar. Perfecto para quienes desean transformar uno o varios espacios y coordinar la ejecuci\u00f3n por su cuenta.Nos encargamos de todo el dise\u00f1o: planos, mobiliario a medida, materiales y visualizaci\u00f3ncompleta del resultado. INCLUYE: Dise\u00f1o integral por espacio. Planos t\u00e9cnicos y mobiliario a medida. Moodboard + visualizaci\u00f3n del espacio. Lista de materiales [&hellip;]<\/p>\n","protected":false},"author":1,"featured_media":0,"parent":0,"menu_order":0,"comment_status":"closed","ping_status":"closed","template":"","meta":{"_acf_changed":false,"footnotes":""},"class_list":["post-610","page","type-page","status-publish","hentry"],"acf":[],"_links":{"self":[{"href":"https:\/\/ropearquitectura.com\/4rch1t3c\/wp-json\/wp\/v2\/pages\/610","targetHints":{"allow":["GET"]}}],"collection":[{"href":"https:\/\/ropearquitectura.com\/4rch1t3c\/wp-json\/wp\/v2\/pages"}],"about":[{"href":"https:\/\/ropearquitectura.com\/4rch1t3c\/wp-json\/wp\/v2\/types\/page"}],"author":[{"embeddable":true,"href":"https:\/\/ropearquitectura.com\/4rch1t3c\/wp-json\/wp\/v2\/users\/1"}],"replies":[{"embeddable":true,"href":"https:\/\/ropearquitectura.com\/4rch1t3c\/wp-json\/wp\/v2\/comments?post=610"}],"version-history":[{"count":35,"href":"https:\/\/ropearquitectura.com\/4rch1t3c\/wp-json\/wp\/v2\/pages\/610\/revisions"}],"predecessor-version":[{"id":2051,"href":"https:\/\/ropearquitectura.com\/4rch1t3c\/wp-json\/wp\/v2\/pages\/610\/revisions\/2051"}],"wp:attachment":[{"href":"https:\/\/ropearquitectura.com\/4rch1t3c\/wp-json\/wp\/v2\/media?parent=610"}],"curies":[{"name":"wp","href":"https:\/\/api.w.org\/{rel}","templated":true}]}}