{"id":1838,"date":"2025-12-04T18:52:20","date_gmt":"2025-12-04T22:52:20","guid":{"rendered":"https:\/\/ropearquitectura.com\/4rch1t3c\/?page_id=1838"},"modified":"2026-01-05T11:09:30","modified_gmt":"2026-01-05T15:09:30","slug":"servicio-reset","status":"publish","type":"page","link":"https:\/\/ropearquitectura.com\/4rch1t3c\/servicio-reset\/","title":{"rendered":"Servicio ReSet"},"content":{"rendered":"\t\t<div data-elementor-type=\"wp-page\" data-elementor-id=\"1838\" class=\"elementor elementor-1838\">\n\t\t\t\t<div class=\"e-con-top elementor-element elementor-element-d9cea35 e-flex e-con-boxed e-con e-parent\" data-id=\"d9cea35\" data-element_type=\"container\">\n\t\t\t\t\t<div class=\"e-con-inner\">\n\t\t<div class=\"elementor-element elementor-element-712d0bb e-flex e-con-boxed e-con e-child\" data-id=\"712d0bb\" data-element_type=\"container\">\n\t\t\t\t\t<div class=\"e-con-inner\">\n\t\t\t\t<div class=\"elementor-element elementor-element-b0f0b02 elementor-widget__width-inherit elementor-widget elementor-widget-heading\" data-id=\"b0f0b02\" data-element_type=\"widget\" data-widget_type=\"heading.default\">\n\t\t\t\t\t<h2 class=\"elementor-heading-title elementor-size-default\">Esta solicitando nuestro servicio<br>ReSet<\/h2>\t\t\t\t<\/div>\n\t\t\t\t\t<\/div>\n\t\t\t\t<\/div>\n\t\t\t\t\t<\/div>\n\t\t\t\t<\/div>\n\t\t<div class=\"e-con-top elementor-element elementor-element-fbb6464 e-flex e-con-boxed e-con e-parent\" data-id=\"fbb6464\" data-element_type=\"container\">\n\t\t\t\t\t<div class=\"e-con-inner\">\n\t\t<div class=\"elementor-element elementor-element-bf100d1 e-con-full e-flex e-con e-child\" data-id=\"bf100d1\" data-element_type=\"container\">\n\t\t\t\t<\/div>\n\t\t<div class=\"elementor-element elementor-element-ecce8d5 e-con-full e-flex e-con e-child\" data-id=\"ecce8d5\" data-element_type=\"container\">\n\t\t\t\t<div class=\"elementor-element elementor-element-3e986eb elementor-widget elementor-widget-wpforms\" data-id=\"3e986eb\" data-element_type=\"widget\" data-widget_type=\"wpforms.default\">\n\t\t\t\t<div class=\"elementor-widget-container\">\n\t\t\t\t\t<style id=\"wpforms-css-vars-elementor-widget-3e986eb\">\n\t\t\t\t.elementor-widget-wpforms.elementor-element-3e986eb {\n\t\t\t\t--wpforms-button-border-radius: 10px;\n--wpforms-button-background-color: #2F4F4F;\n\t\t\t}\n\t\t\t<\/style><div class=\"wpforms-container wpforms-container-full wpforms-render-modern\" id=\"wpforms-1807\"><form id=\"wpforms-form-1807\" class=\"wpforms-validate wpforms-form wpforms-ajax-form\" data-formid=\"1807\" method=\"post\" enctype=\"multipart\/form-data\" action=\"\/4rch1t3c\/wp-json\/wp\/v2\/pages\/1838\" data-token=\"3a84a04badab9edc1a2fc9e2573d7606\" data-token-time=\"1776603605\"><noscript class=\"wpforms-error-noscript\">Por favor, activa JavaScript en tu navegador para completar este formulario.<\/noscript><div id=\"wpforms-error-noscript\" style=\"display: none;\">Por favor, activa JavaScript en tu navegador para completar este formulario.<\/div><div class=\"wpforms-field-container\"><div id=\"wpforms-1807-field_1-container\" class=\"wpforms-field wpforms-field-name\" data-field-id=\"1\"><label class=\"wpforms-field-label\" for=\"wpforms-1807-field_1\">Nombres: <span class=\"wpforms-required-label\" aria-hidden=\"true\">*<\/span><\/label><input type=\"text\" id=\"wpforms-1807-field_1\" class=\"wpforms-field-medium wpforms-field-required\" name=\"wpforms[fields][1]\" placeholder=\"Escriba su nombres aqu\u00ed\" aria-errormessage=\"wpforms-1807-field_1-error\" required><\/div>\t\t<div id=\"wpforms-1807-field_5-container\"\n\t\t\tclass=\"wpforms-field wpforms-field-text\"\n\t\t\tdata-field-type=\"text\"\n\t\t\tdata-field-id=\"5\"\n\t\t\t>\n\t\t\t<label class=\"wpforms-field-label\" for=\"wpforms-1807-field_5\" >Confirme desea electr\u00f3nico<\/label>\n\t\t\t<input type=\"text\" id=\"wpforms-1807-field_5\" class=\"wpforms-field-medium\" name=\"wpforms[fields][5]\" >\n\t\t<\/div>\n\t\t<div id=\"wpforms-1807-field_4-container\" class=\"wpforms-field wpforms-field-address\" data-field-id=\"4\"><fieldset><legend class=\"wpforms-field-label\">Direcci\u00f3n <span class=\"wpforms-required-label\" aria-hidden=\"true\">*<\/span><\/legend><div class=\"wpforms-field-row wpforms-field-medium\"><div ><input type=\"text\" id=\"wpforms-1807-field_4\" class=\"wpforms-field-address-address1 wpforms-field-required\" name=\"wpforms[fields][4][address1]\" aria-errormessage=\"wpforms-1807-field_4-error\" required><label for=\"wpforms-1807-field_4\" class=\"wpforms-field-sublabel after\">Direcci\u00f3n (l\u00ednea 1)<\/label><\/div><\/div><div class=\"wpforms-field-row wpforms-field-medium\"><div class=\"wpforms-field-row-block wpforms-one-half wpforms-first\"><input type=\"text\" id=\"wpforms-1807-field_4-city\" class=\"wpforms-field-address-city wpforms-field-required\" name=\"wpforms[fields][4][city]\" aria-errormessage=\"wpforms-1807-field_4-city-error\" required><label for=\"wpforms-1807-field_4-city\" class=\"wpforms-field-sublabel after\">Ciudad<\/label><\/div><div class=\"wpforms-field-row-block wpforms-one-half\"><input type=\"text\" id=\"wpforms-1807-field_4-state\" class=\"wpforms-field-address-state wpforms-field-required\" name=\"wpforms[fields][4][state]\" aria-errormessage=\"wpforms-1807-field_4-state-error\" required><label for=\"wpforms-1807-field_4-state\" class=\"wpforms-field-sublabel after\">Estado \/ Provincia \/ Regi\u00f3n<\/label><\/div><\/div><\/fieldset><\/div><div id=\"wpforms-1807-field_2-container\" class=\"wpforms-field wpforms-field-email\" data-field-id=\"2\"><label class=\"wpforms-field-label\" for=\"wpforms-1807-field_2\">Correo electr\u00f3nico <span class=\"wpforms-required-label\" aria-hidden=\"true\">*<\/span><\/label><input type=\"email\" id=\"wpforms-1807-field_2\" class=\"wpforms-field-medium wpforms-field-required\" name=\"wpforms[fields][2]\" placeholder=\"Escriba su correo electr\u00f3nico aqu\u00ed\" spellcheck=\"false\" aria-errormessage=\"wpforms-1807-field_2-error\" required><\/div><div id=\"wpforms-1807-field_3-container\" class=\"wpforms-field wpforms-field-phone\" data-field-id=\"3\"><label class=\"wpforms-field-label\" for=\"wpforms-1807-field_3\">Tel\u00e9fono <span class=\"wpforms-required-label\" aria-hidden=\"true\">*<\/span><\/label><input type=\"tel\" id=\"wpforms-1807-field_3\" class=\"wpforms-field-medium wpforms-field-required wpforms-smart-phone-field\" data-rule-smart-phone-field=\"true\" name=\"wpforms[fields][3]\" placeholder=\"Escriba su n\u00famero de tel\u00e9fono o whatsapp aqu\u00ed\" aria-label=\"Tel\u00e9fono\" aria-errormessage=\"wpforms-1807-field_3-error\" required><\/div><div id=\"wpforms-1807-field_6-container\" class=\"wpforms-field wpforms-field-content\" data-field-id=\"6\"><div id=\"wpforms-1807-field_6\" class=\"wpforms-field-medium wpforms-field-row\" aria-errormessage=\"wpforms-1807-field_6-error\"><h4>Solicitud del Servicio ReSet<\/h4>\n<p><span style=\"font-size:16px\">Estoy interesada (o) en el servicio que ustedes prestan llamado ReSet.<\/span><\/p>\n<p><span style=\"font-size:16px\">Y autorizo para que me llamen o contacten por correo electr\u00f3nico para m\u00e1s informaci\u00f3n sobre este servicio.<\/span><\/p>\n<div class=\"wpforms-field-content-display-frontend-clear\"><\/div><\/div><\/div><div id=\"wpforms-1807-field_7-container\" class=\"wpforms-field wpforms-field-select wpforms-field-select-style-classic\" data-field-id=\"7\"><label class=\"wpforms-field-label\" for=\"wpforms-1807-field_7\">Confirme si desea el servicio<\/label><select id=\"wpforms-1807-field_7\" class=\"wpforms-field-medium\" name=\"wpforms[fields][7]\"><option value=\"Si, deseo el servicio ReSet\"  class=\"choice-1 depth-1\"  >Si, deseo el servicio ReSet<\/option><option value=\"No deseo el servicio ReSet\"  class=\"choice-2 depth-1\"  >No deseo el servicio ReSet<\/option><\/select><\/div><script>\n\t\t\t\t( function() {\n\t\t\t\t\tconst style = document.createElement( 'style' );\n\t\t\t\t\tstyle.appendChild( document.createTextNode( '#wpforms-1807-field_5-container { position: absolute !important; overflow: hidden !important; display: inline !important; height: 1px !important; width: 1px !important; z-index: -1000 !important; padding: 0 !important; } #wpforms-1807-field_5-container input { visibility: hidden; } #wpforms-conversational-form-page #wpforms-1807-field_5-container label { counter-increment: none; }' ) );\n\t\t\t\t\tdocument.head.appendChild( style );\n\t\t\t\t\tdocument.currentScript?.remove();\n\t\t\t\t} )();\n\t\t\t<\/script><\/div><!-- .wpforms-field-container --><div class=\"wpforms-submit-container\" ><input type=\"hidden\" name=\"wpforms[id]\" value=\"1807\"><input type=\"hidden\" name=\"page_title\" value=\"\"><input type=\"hidden\" name=\"page_url\" value=\"https:\/\/ropearquitectura.com\/4rch1t3c\/wp-json\/wp\/v2\/pages\/1838\"><input type=\"hidden\" name=\"url_referer\" value=\"\"><button type=\"submit\" name=\"wpforms[submit]\" id=\"wpforms-submit-1807\" class=\"wpforms-submit\" data-alt-text=\"Enviando...\" data-submit-text=\"Enviar\" aria-live=\"assertive\" value=\"wpforms-submit\">Enviar<\/button><img decoding=\"async\" src=\"https:\/\/ropearquitectura.com\/4rch1t3c\/wp-content\/plugins\/wpforms\/assets\/images\/submit-spin.svg\" class=\"wpforms-submit-spinner\" style=\"display: none;\" width=\"26\" height=\"26\" alt=\"Cargando\"><\/div><\/form><\/div>  <!-- .wpforms-container -->\t\t\t\t<\/div>\n\t\t\t\t<\/div>\n\t\t\t\t<\/div>\n\t\t<div class=\"elementor-element elementor-element-5387b60 e-con-full e-flex e-con e-child\" data-id=\"5387b60\" data-element_type=\"container\">\n\t\t\t\t<\/div>\n\t\t\t\t\t<\/div>\n\t\t\t\t<\/div>\n\t\t\t\t<\/div>\n\t\t","protected":false},"excerpt":{"rendered":"<p>Esta solicitando nuestro servicioReSet Por favor, activa JavaScript en tu navegador para completar este formulario.Por favor, activa JavaScript en tu navegador para completar este formulario.Nombres: * Direcci\u00f3n * Direcci\u00f3n (l\u00ednea 1)CiudadEstado \/ Provincia \/ Regi\u00f3n Correo electr\u00f3nico *Tel\u00e9fono * Solicitud del Servicio ReSet Estoy interesada (o) en el servicio que ustedes prestan llamado ReSet. Y [&hellip;]<\/p>\n","protected":false},"author":1,"featured_media":0,"parent":0,"menu_order":0,"comment_status":"closed","ping_status":"closed","template":"","meta":{"_acf_changed":false,"footnotes":""},"class_list":["post-1838","page","type-page","status-publish","hentry"],"acf":[],"_links":{"self":[{"href":"https:\/\/ropearquitectura.com\/4rch1t3c\/wp-json\/wp\/v2\/pages\/1838","targetHints":{"allow":["GET"]}}],"collection":[{"href":"https:\/\/ropearquitectura.com\/4rch1t3c\/wp-json\/wp\/v2\/pages"}],"about":[{"href":"https:\/\/ropearquitectura.com\/4rch1t3c\/wp-json\/wp\/v2\/types\/page"}],"author":[{"embeddable":true,"href":"https:\/\/ropearquitectura.com\/4rch1t3c\/wp-json\/wp\/v2\/users\/1"}],"replies":[{"embeddable":true,"href":"https:\/\/ropearquitectura.com\/4rch1t3c\/wp-json\/wp\/v2\/comments?post=1838"}],"version-history":[{"count":17,"href":"https:\/\/ropearquitectura.com\/4rch1t3c\/wp-json\/wp\/v2\/pages\/1838\/revisions"}],"predecessor-version":[{"id":2285,"href":"https:\/\/ropearquitectura.com\/4rch1t3c\/wp-json\/wp\/v2\/pages\/1838\/revisions\/2285"}],"wp:attachment":[{"href":"https:\/\/ropearquitectura.com\/4rch1t3c\/wp-json\/wp\/v2\/media?parent=1838"}],"curies":[{"name":"wp","href":"https:\/\/api.w.org\/{rel}","templated":true}]}}