{"id":1442,"date":"2025-12-02T16:45:24","date_gmt":"2025-12-02T20:45:24","guid":{"rendered":"https:\/\/ropearquitectura.com\/4rch1t3c\/?page_id=1442"},"modified":"2026-01-13T21:21:52","modified_gmt":"2026-01-14T01:21:52","slug":"nosotros","status":"publish","type":"page","link":"https:\/\/ropearquitectura.com\/4rch1t3c\/nosotros\/","title":{"rendered":"Nosotros"},"content":{"rendered":"\t\t<div data-elementor-type=\"wp-page\" data-elementor-id=\"1442\" class=\"elementor elementor-1442\">\n\t\t\t\t<div class=\"e-con-top elementor-element elementor-element-a54480c e-flex e-con-boxed e-con e-parent\" data-id=\"a54480c\" data-element_type=\"container\">\n\t\t\t\t\t<div class=\"e-con-inner\">\n\t\t\t\t<div class=\"elementor-element elementor-element-ae63f0e elementor-absolute --zindexed-1 elementor-widget elementor-widget-heading\" data-id=\"ae63f0e\" data-element_type=\"widget\" data-settings=\"{&quot;_position&quot;:&quot;absolute&quot;}\" data-widget_type=\"heading.default\">\n\t\t\t\t\t<h2 class=\"elementor-heading-title elementor-size-default\">Con\u00f3cenos <\/h2>\t\t\t\t<\/div>\n\t\t<div class=\"elementor-element elementor-element-8bfdc1c e-con-full e-flex e-con e-child\" data-id=\"8bfdc1c\" data-element_type=\"container\">\n\t\t\t\t<div class=\"elementor-element elementor-element-6f6f29d elementor-widget elementor-widget-image\" data-id=\"6f6f29d\" data-element_type=\"widget\" data-widget_type=\"image.default\">\n\t\t\t\t\t\t\t\t\t\t\t\t\t\t\t<img fetchpriority=\"high\" decoding=\"async\" width=\"300\" height=\"262\" src=\"https:\/\/ropearquitectura.com\/4rch1t3c\/wp-content\/uploads\/2025\/12\/LOGO-8b4513-300x262.png\" class=\"attachment-medium size-medium wp-image-1444\" alt=\"\" srcset=\"https:\/\/ropearquitectura.com\/4rch1t3c\/wp-content\/uploads\/2025\/12\/LOGO-8b4513-300x262.png 300w, https:\/\/ropearquitectura.com\/4rch1t3c\/wp-content\/uploads\/2025\/12\/LOGO-8b4513-1024x894.png 1024w, https:\/\/ropearquitectura.com\/4rch1t3c\/wp-content\/uploads\/2025\/12\/LOGO-8b4513-768x670.png 768w, https:\/\/ropearquitectura.com\/4rch1t3c\/wp-content\/uploads\/2025\/12\/LOGO-8b4513-1536x1341.png 1536w, https:\/\/ropearquitectura.com\/4rch1t3c\/wp-content\/uploads\/2025\/12\/LOGO-8b4513-2048x1787.png 2048w\" sizes=\"(max-width: 300px) 100vw, 300px\" \/>\t\t\t\t\t\t\t\t\t\t\t\t\t\t\t<\/div>\n\t\t\t\t<\/div>\n\t\t<div class=\"elementor-element elementor-element-29d5900 e-con-full e-flex e-con e-child\" data-id=\"29d5900\" data-element_type=\"container\">\n\t\t\t\t<\/div>\n\t\t\t\t<div class=\"elementor-element elementor-element-df8137f elementor-widget__width-initial elementor-absolute --zindexed-1 elementor-widget elementor-widget-heading\" data-id=\"df8137f\" data-element_type=\"widget\" data-settings=\"{&quot;_position&quot;:&quot;absolute&quot;}\" data-widget_type=\"heading.default\">\n\t\t\t\t\t<h2 class=\"elementor-heading-title elementor-size-default\">Materializamos las ideas para que cada espacio\ncomunique y refleje tu esencia de acuerdo a tus\nnecesidades\u2026<\/h2>\t\t\t\t<\/div>\n\t\t\t\t\t<\/div>\n\t\t\t\t<\/div>\n\t\t<div class=\"e-con-top elementor-element elementor-element-f8b463a e-flex e-con-boxed e-con e-parent\" data-id=\"f8b463a\" data-element_type=\"container\">\n\t\t\t\t\t<div class=\"e-con-inner\">\n\t\t\t\t<div class=\"elementor-element elementor-element-5e185f1 elementor-widget__width-initial elementor-widget elementor-widget-text-editor\" data-id=\"5e185f1\" data-element_type=\"widget\" data-widget_type=\"text-editor.default\">\n\t\t\t\t\t\t\t\t\t<p>Somos una empresa de soluciones integrales de dise\u00f1o, remodelaci\u00f3n y construcci\u00f3n de espacios interiores y exteriores. Brindamos un servicio personalizado a nuestros clientes, siendo capaces de crear espacios \u00fanicos y funcionales desde el concepto de dise\u00f1o inicial hasta la finalizaci\u00f3n del proyecto.\u00a0<\/p><p>Nos apasiona ser el motor que impulsa a nuestros clientes a encontrar el equilibrio para crear un espacio que proyecte su estilo de vida de acuerdo a sus necesidades y a su presupuesto.<\/p>\t\t\t\t\t\t\t\t<\/div>\n\t\t\t\t<div class=\"elementor-element elementor-element-11cab81 elementor-widget-divider--view-line elementor-widget elementor-widget-divider\" data-id=\"11cab81\" data-element_type=\"widget\" data-widget_type=\"divider.default\">\n\t\t\t\t\t\t\t<div class=\"elementor-divider\">\n\t\t\t<span class=\"elementor-divider-separator\">\n\t\t\t\t\t\t<\/span>\n\t\t<\/div>\n\t\t\t\t\t\t<\/div>\n\t\t\t\t\t<\/div>\n\t\t\t\t<\/div>\n\t\t<div class=\"e-con-top elementor-element elementor-element-7df76a1 e-con-full e-grid rey-section-stretched e-con e-parent\" data-id=\"7df76a1\" data-element_type=\"container\">\n\t\t<div class=\"elementor-element elementor-element-89e5c28 e-con-full e-grid e-con e-child\" data-id=\"89e5c28\" data-element_type=\"container\">\n\t\t\t\t<div class=\"elementor-element elementor-element-3f7778c elementor-absolute --zindexed--1 elementor-widget elementor-widget-image\" data-id=\"3f7778c\" data-element_type=\"widget\" data-settings=\"{&quot;_position&quot;:&quot;absolute&quot;}\" data-widget_type=\"image.default\">\n\t\t\t\t\t\t\t\t\t\t\t\t\t\t\t<img decoding=\"async\" width=\"683\" height=\"1024\" src=\"https:\/\/ropearquitectura.com\/4rch1t3c\/wp-content\/uploads\/2025\/12\/IMG_4465-683x1024.jpg\" class=\"attachment-large size-large wp-image-1888\" alt=\"\" srcset=\"https:\/\/ropearquitectura.com\/4rch1t3c\/wp-content\/uploads\/2025\/12\/IMG_4465-683x1024.jpg 683w, https:\/\/ropearquitectura.com\/4rch1t3c\/wp-content\/uploads\/2025\/12\/IMG_4465-200x300.jpg 200w, https:\/\/ropearquitectura.com\/4rch1t3c\/wp-content\/uploads\/2025\/12\/IMG_4465-768x1152.jpg 768w, https:\/\/ropearquitectura.com\/4rch1t3c\/wp-content\/uploads\/2025\/12\/IMG_4465-1024x1536.jpg 1024w, https:\/\/ropearquitectura.com\/4rch1t3c\/wp-content\/uploads\/2025\/12\/IMG_4465-1365x2048.jpg 1365w, https:\/\/ropearquitectura.com\/4rch1t3c\/wp-content\/uploads\/2025\/12\/IMG_4465-scaled.jpg 1707w\" sizes=\"(max-width: 683px) 100vw, 683px\" \/>\t\t\t\t\t\t\t\t\t\t\t\t\t\t\t<\/div>\n\t\t\t\t<\/div>\n\t\t<div class=\"elementor-element elementor-element-d17a0a4 e-grid e-con-boxed e-con e-child\" data-id=\"d17a0a4\" data-element_type=\"container\">\n\t\t\t\t\t<div class=\"e-con-inner\">\n\t\t\t\t<div class=\"elementor-element elementor-element-aed8b4b elementor-widget elementor-widget-heading\" data-id=\"aed8b4b\" data-element_type=\"widget\" data-widget_type=\"heading.default\">\n\t\t\t\t\t<h2 class=\"elementor-heading-title elementor-size-default\">Misi\u00f3n<\/h2>\t\t\t\t<\/div>\n\t\t\t\t<div class=\"elementor-element elementor-element-cba73f4 elementor-widget elementor-widget-text-editor\" data-id=\"cba73f4\" data-element_type=\"widget\" data-widget_type=\"text-editor.default\">\n\t\t\t\t\t\t\t\t\t<p>Dise\u00f1ar y transformar espacios que conecten\u00a0funci\u00f3n, est\u00e9tica\u00a0y bienestar, creando interiores que reflejen la identidad y\u00a0estilo de cada cliente, ya sea en el \u00e1mbito residencial o\u00a0comercial<\/p>\t\t\t\t\t\t\t\t<\/div>\n\t\t\t\t<div class=\"elementor-element elementor-element-a7e612f elementor-widget elementor-widget-heading\" data-id=\"a7e612f\" data-element_type=\"widget\" data-widget_type=\"heading.default\">\n\t\t\t\t\t<h2 class=\"elementor-heading-title elementor-size-default\">Visi\u00f3n<\/h2>\t\t\t\t<\/div>\n\t\t<div class=\"elementor-element elementor-element-5d83044 e-con-full e-flex e-con e-child\" data-id=\"5d83044\" data-element_type=\"container\">\n\t\t\t\t<div class=\"elementor-element elementor-element-61f8d9c elementor-widget elementor-widget-text-editor\" data-id=\"61f8d9c\" data-element_type=\"widget\" data-widget_type=\"text-editor.default\">\n\t\t\t\t\t\t\t\t\t<p>Ser un referente en dise\u00f1o y remodelaci\u00f3n de interiores por la capacidad de transformar espacios ordinarios en experiencias visuales y sensoriales \u00fanicas, donde\u00a0 cada detalle aporte armon\u00eda, valor y prop\u00f3sito\u00a0<\/p>\t\t\t\t\t\t\t\t<\/div>\n\t\t\t\t<\/div>\n\t\t\t\t<div class=\"elementor-element elementor-element-e09279d elementor-widget elementor-widget-heading\" data-id=\"e09279d\" data-element_type=\"widget\" data-widget_type=\"heading.default\">\n\t\t\t\t\t<h2 class=\"elementor-heading-title elementor-size-default\">Valores<\/h2>\t\t\t\t<\/div>\n\t\t\t\t<div class=\"elementor-element elementor-element-3ffbd84 elementor-widget elementor-widget-text-editor\" data-id=\"3ffbd84\" data-element_type=\"widget\" data-widget_type=\"text-editor.default\">\n\t\t\t\t\t\t\t\t\t<ul><li>Creatividad<\/li><li>Funcionalidad<\/li><li>Compromiso<\/li><li>Honestidad<\/li><li>Pasi\u00f3n<\/li><\/ul>\t\t\t\t\t\t\t\t<\/div>\n\t\t\t\t<div class=\"elementor-element elementor-element-eb750d2 elementor-widget elementor-widget-heading\" data-id=\"eb750d2\" data-element_type=\"widget\" data-widget_type=\"heading.default\">\n\t\t\t\t\t<h2 class=\"elementor-heading-title elementor-size-default\">Nuestra Personalidad<\/h2>\t\t\t\t<\/div>\n\t\t\t\t<div class=\"elementor-element elementor-element-4cc0d93 elementor-widget elementor-widget-text-editor\" data-id=\"4cc0d93\" data-element_type=\"widget\" data-widget_type=\"text-editor.default\">\n\t\t\t\t\t\t\t\t\t<ul><li><strong>Elegante:<\/strong> Combina sofisticaci\u00f3n con practicidad.<\/li><li><strong>Cercana<\/strong>.<\/li><li><strong>Creativa.<\/strong><\/li><li><strong>Meticulosa:<\/strong> cuida cada detalle desde el dise\u00f1o hasta la ejecuci\u00f3n.<\/li><li><strong>Confiable:<\/strong> transmite seguridad.<\/li><\/ul>\t\t\t\t\t\t\t\t<\/div>\n\t\t\t\t\t<\/div>\n\t\t\t\t<\/div>\n\t\t\t\t<\/div>\n\t\t\t\t<\/div>\n\t\t","protected":false},"excerpt":{"rendered":"<p>Con\u00f3cenos Materializamos las ideas para que cada espacio comunique y refleje tu esencia de acuerdo a tus necesidades\u2026 Somos una empresa de soluciones integrales de dise\u00f1o, remodelaci\u00f3n y construcci\u00f3n de espacios interiores y exteriores. Brindamos un servicio personalizado a nuestros clientes, siendo capaces de crear espacios \u00fanicos y funcionales desde el concepto de dise\u00f1o inicial [&hellip;]<\/p>\n","protected":false},"author":1,"featured_media":0,"parent":0,"menu_order":0,"comment_status":"closed","ping_status":"closed","template":"","meta":{"_acf_changed":false,"footnotes":""},"class_list":["post-1442","page","type-page","status-publish","hentry"],"acf":[],"_links":{"self":[{"href":"https:\/\/ropearquitectura.com\/4rch1t3c\/wp-json\/wp\/v2\/pages\/1442","targetHints":{"allow":["GET"]}}],"collection":[{"href":"https:\/\/ropearquitectura.com\/4rch1t3c\/wp-json\/wp\/v2\/pages"}],"about":[{"href":"https:\/\/ropearquitectura.com\/4rch1t3c\/wp-json\/wp\/v2\/types\/page"}],"author":[{"embeddable":true,"href":"https:\/\/ropearquitectura.com\/4rch1t3c\/wp-json\/wp\/v2\/users\/1"}],"replies":[{"embeddable":true,"href":"https:\/\/ropearquitectura.com\/4rch1t3c\/wp-json\/wp\/v2\/comments?post=1442"}],"version-history":[{"count":212,"href":"https:\/\/ropearquitectura.com\/4rch1t3c\/wp-json\/wp\/v2\/pages\/1442\/revisions"}],"predecessor-version":[{"id":2342,"href":"https:\/\/ropearquitectura.com\/4rch1t3c\/wp-json\/wp\/v2\/pages\/1442\/revisions\/2342"}],"wp:attachment":[{"href":"https:\/\/ropearquitectura.com\/4rch1t3c\/wp-json\/wp\/v2\/media?parent=1442"}],"curies":[{"name":"wp","href":"https:\/\/api.w.org\/{rel}","templated":true}]}}